{"id":7593,"date":"2021-11-01T13:51:50","date_gmt":"2021-11-01T11:51:50","guid":{"rendered":"https:\/\/oldsite.philosophy.uoi.gr\/?page_id=7593"},"modified":"2022-10-11T14:55:43","modified_gmt":"2022-10-11T11:55:43","slug":"stavros-kouloumentas","status":"publish","type":"page","link":"https:\/\/oldsite.philosophy.uoi.gr\/en\/faculty-2\/stavros-kouloumentas\/","title":{"rendered":"Stavros Kouloumentas"},"content":{"rendered":"<p style=\"text-align: justify;\"><img decoding=\"async\" class=\"aligncenter wp-image-7595 \" src=\"https:\/\/oldsite.philosophy.uoi.gr\/wp-content\/uploads\/stavros-1.jpg\" alt=\"\" width=\"200\" height=\"207\" srcset=\"https:\/\/oldsite.philosophy.uoi.gr\/wp-content\/uploads\/stavros-1.jpg 491w, https:\/\/oldsite.philosophy.uoi.gr\/wp-content\/uploads\/stavros-1-290x300.jpg 290w\" sizes=\"(max-width: 200px) 100vw, 200px\" \/><\/p>\n<p style=\"text-align: justify;\">Stavros Kouloumentas studied Philosophy and Pedagogics at the Aristotle University of Thessaloniki. He completed his doctoral thesis at the Faculty of Classics of the University of Cambridge, working on the development of a cosmological pattern of early Greek philosophy: the depiction of the cosmos as an orderly system whose equilibrium can be illustrated by projecting socio-political concepts, especially justice and equality, onto a larger scale. He has participated in two international interdisciplinary projects for four years at the Humboldt Humboldt-Universit\u00e4t zu Berlin (\u201cMedicine of the Mind, Philosophy of the Body: Discourses of Health and Well-Being in the Ancient World\u201d) and the Centre\u00a0L\u00e9on Robin, Universit\u00e9 Paris IV-Sorbonne\u00a0(\u201cReligions et Soci\u00e9t\u00e9s dans le Monde M\u00e9diterran\u00e9en:\u00a0Rationalit\u00e9 et Religion\u201d). He has also carried out independent post-doctoral research at academic institutes of USA (Center for Hellenic Studies-Harvard, Texas at Austin,\u00a0Cincinnati) and has taught various courses of Ancient Philosophy at the Humboldt Humboldt-Universit\u00e4t zu Berlin, University of Patras, University of Crete, Aristotle University of Thessaloniki and the Open University of Cyprus. His research interests cover a wide range of topics pertaining to Ancient Philosophy, including the composition and transmission of philosophical texts in antiquity, the emergence of rational thinking, cosmology, atheism, and the interconnection between philosophy and medicine.<\/p>\n<p><strong>Area of expertise<\/strong><\/p>\n<p>Ancient Greek Philosophy<\/p>\n<p><strong>Position<\/strong><\/p>\n<p>Assistant Professor<\/p>\n<p><strong>Research interests<\/strong><\/p>\n<ul>\n<li>Ancient Philosophy<\/li>\n<li>Ancient Science<\/li>\n<li>Critical Edition of Texts<\/li>\n<\/ul>\n<p><strong>Undergraduate courses<\/strong><\/p>\n<ul>\n<li>Special Topics of Ancient Philosophy \u0399: The Presocratics (WS)<\/li>\n<li>Philosophy of Natural Sciences (WS)<\/li>\n<li>Special Topics of Ancient Philosophy \u0399V: Hellenistic Philosophy (SS)<\/li>\n<li>Philosophy of Religion (SS)<\/li>\n<li>\u03a4he Problematics of Philosophical Historiography (WS)<\/li>\n<\/ul>\n<p><strong>\u00a0<\/strong><strong>Office hours<\/strong><\/p>\n<ul>\n<li>Tuesday 14.00-15.00<\/li>\n<li>Wednesday 09.00-10.00<\/li>\n<\/ul>\n<p><strong>\u00a0<\/strong><strong>Academic page<\/strong><\/p>\n<p style=\"text-align: justify;\"><a href=\"https:\/\/lastamp.academia.edu\/StavrosKouloumentas\" target=\"_blank\" rel=\"noopener\">https:\/\/lastamp.academia.edu\/StavrosKouloumentas<\/a><\/p>\n<p style=\"text-align: justify;\"><i class=\"fa fa-th-list \" ><\/i> CV (<a href=\"https:\/\/oldsite.philosophy.uoi.gr\/wp-content\/uploads\/cv-kouloumentas.pdf\" target=\"_blank\" rel=\"noopener noreferrer\">en<\/a>) \u00a0\u00a0\u00a0\u00a0\u00a0 <i class=\"fa fa-phone \" ><\/i> 265100-5674\u00a0 \u00a0 \u00a0 \u00a0<i class=\"fa fa-envelope-o \" ><\/i> skouloumentas@gmail.com<\/p>\n","protected":false},"excerpt":{"rendered":"<p>Stavros Kouloumentas studied Philosophy and Pedagogics at the Aristotle University of Thessaloniki. He completed his doctoral thesis at the Faculty of Classics of the University of Cambridge, working on the development of a cosmological&#46;&#46;&#46;<\/p>\n","protected":false},"author":1,"featured_media":3000,"parent":5190,"menu_order":0,"comment_status":"closed","ping_status":"closed","template":"","meta":{"footnotes":"","_links_to":"","_links_to_target":""},"class_list":["post-7593","page","type-page","status-publish","has-post-thumbnail","hentry"],"_links":{"self":[{"href":"https:\/\/oldsite.philosophy.uoi.gr\/en\/wp-json\/wp\/v2\/pages\/7593","targetHints":{"allow":["GET"]}}],"collection":[{"href":"https:\/\/oldsite.philosophy.uoi.gr\/en\/wp-json\/wp\/v2\/pages"}],"about":[{"href":"https:\/\/oldsite.philosophy.uoi.gr\/en\/wp-json\/wp\/v2\/types\/page"}],"author":[{"embeddable":true,"href":"https:\/\/oldsite.philosophy.uoi.gr\/en\/wp-json\/wp\/v2\/users\/1"}],"replies":[{"embeddable":true,"href":"https:\/\/oldsite.philosophy.uoi.gr\/en\/wp-json\/wp\/v2\/comments?post=7593"}],"version-history":[{"count":7,"href":"https:\/\/oldsite.philosophy.uoi.gr\/en\/wp-json\/wp\/v2\/pages\/7593\/revisions"}],"predecessor-version":[{"id":11057,"href":"https:\/\/oldsite.philosophy.uoi.gr\/en\/wp-json\/wp\/v2\/pages\/7593\/revisions\/11057"}],"up":[{"embeddable":true,"href":"https:\/\/oldsite.philosophy.uoi.gr\/en\/wp-json\/wp\/v2\/pages\/5190"}],"wp:featuredmedia":[{"embeddable":true,"href":"https:\/\/oldsite.philosophy.uoi.gr\/en\/wp-json\/wp\/v2\/media\/3000"}],"wp:attachment":[{"href":"https:\/\/oldsite.philosophy.uoi.gr\/en\/wp-json\/wp\/v2\/media?parent=7593"}],"curies":[{"name":"wp","href":"https:\/\/api.w.org\/{rel}","templated":true}]}}